{"id":69,"date":"2023-04-10T16:27:01","date_gmt":"2023-04-10T13:27:01","guid":{"rendered":"https:\/\/angla.saaremaa-top.ee\/angla\/?page_id=69"},"modified":"2025-08-27T16:31:59","modified_gmt":"2025-08-27T13:31:59","slug":"hinnad-ja-avatud-ajad","status":"publish","type":"page","link":"https:\/\/angla.saaremaa-top.ee\/angla\/hinnad-ja-avatud-ajad\/","title":{"rendered":"K\u00fclastusinfo &#8211; ANGLA tuulikum\u00e4gi"},"content":{"rendered":"\n<div class=\"wp-block-group alignfull is-layout-constrained wp-block-group-is-layout-constrained\">\n<div id=\"wp-block-themeisle-blocks-advanced-columns-2c60bc77\" class=\"wp-block-themeisle-blocks-advanced-columns alignfull has-1-columns has-desktop-equal-layout has-tablet-equal-layout has-mobile-collapsedRows-layout has-reverse-columns-mobile has-vertical-top ticss-c00aadba\"><div class=\"wp-block-themeisle-blocks-advanced-columns-overlay\"><\/div><div class=\"innerblocks-wrap\">\n<div id=\"wp-block-themeisle-blocks-advanced-column-75b9263d\" class=\"wp-block-themeisle-blocks-advanced-column\">\n<div class=\"wp-block-columns are-vertically-aligned-top is-not-stacked-on-mobile has-raft-fg-alt-color has-text-color has-link-color wp-elements-b8b5c441fcbe598013fc2e193b4dc06e is-layout-flex wp-container-core-columns-is-layout-e79a657b wp-block-columns-is-layout-flex\" style=\"padding-top:0\">\n<div class=\"wp-block-column is-vertically-aligned-top is-content-justification-left is-layout-constrained wp-container-core-column-is-layout-1ad27c61 wp-block-column-is-layout-constrained\" style=\"padding-right:0;padding-left:0;flex-basis:350px\"><div class=\"aligncenter wp-block-site-logo\"><a href=\"https:\/\/angla.saaremaa-top.ee\/angla\/\" class=\"custom-logo-link\" rel=\"home\"><img loading=\"lazy\" decoding=\"async\" width=\"300\" height=\"255\" src=\"https:\/\/angla.saaremaa-top.ee\/angla\/wp-content\/uploads\/est-ANGLA-vertikaalne-VALGE.png\" class=\"custom-logo\" alt=\"ANGLA tuulikum\u00e4gi\" srcset=\"https:\/\/angla.saaremaa-top.ee\/angla\/wp-content\/uploads\/est-ANGLA-vertikaalne-VALGE.png 500w, https:\/\/angla.saaremaa-top.ee\/angla\/wp-content\/uploads\/est-ANGLA-vertikaalne-VALGE-450x383.png 450w\" sizes=\"auto, (max-width: 300px) 100vw, 300px\" \/><\/a><\/div><\/div>\n\n\n\n<div class=\"wp-block-column is-vertically-aligned-top has-white-color has-text-color has-medium-font-size is-layout-flow wp-container-core-column-is-layout-5a5c8e5d wp-block-column-is-layout-flow\" style=\"padding-top:0;padding-right:0;padding-bottom:0;padding-left:0;flex-basis:50%\">\n<div style=\"height:5px\" aria-hidden=\"true\" class=\"wp-block-spacer\"><\/div>\n<\/div>\n\n\n\n<div class=\"wp-block-column is-vertically-aligned-top is-layout-flow wp-block-column-is-layout-flow\" style=\"padding-left:var(--wp--preset--spacing--40);flex-basis:50%\">\n<p class=\"has-text-align-center has-white-color has-text-color\" style=\"padding-top:var(--wp--preset--spacing--20);padding-right:0;padding-bottom:0;font-size:18px\"><a href=\"https:\/\/angla.saaremaa-top.ee\/angla\/en\/\"><strong>EN<\/strong><\/a><strong> <a href=\"https:\/\/angla.saaremaa-top.ee\/angla\/en\" data-type=\"page\" data-id=\"684\"> <\/a><a href=\"https:\/\/angla.saaremaa-top.ee\/angla\/ru\/\" data-type=\"page\" data-id=\"706\">RU<\/a> <\/strong><\/p>\n\n\n\n<div id=\"wp-block-themeisle-blocks-font-awesome-icons-79bda70f\" class=\"wp-block-themeisle-blocks-font-awesome-icons\"><span class=\"wp-block-themeisle-blocks-font-awesome-icons-container nan-padding\"><a href=\"https:\/\/www.facebook.com\/AnglaTuulikud\" target=\"_blank\" rel=\"noopener noreferrer\"><i class=\"fab fa-facebook\"><\/i><\/a><\/span><\/div>\n\n\n\n<div id=\"wp-block-themeisle-blocks-font-awesome-icons-4a9749d2\" class=\"wp-block-themeisle-blocks-font-awesome-icons\"><span class=\"wp-block-themeisle-blocks-font-awesome-icons-container nan-padding\"><a href=\"https:\/\/angla.saaremaa-top.ee\/angla\/angla-tuulikumagi-ja-parandkultuuri-keskus\/\" target=\"_blank\" rel=\"noopener noreferrer\"><i class=\"fab fa-youtube\"><\/i><\/a><\/span><\/div>\n<\/div>\n<\/div>\n\n\n\n<div style=\"height:180px\" aria-hidden=\"true\" class=\"wp-block-spacer\"><\/div>\n\n\n\n<div style=\"height:30px\" aria-hidden=\"true\" class=\"wp-block-spacer\"><\/div>\n<\/div>\n<\/div><\/div>\n<\/div>\n\n\n\n<div style=\"height:5px\" aria-hidden=\"true\" class=\"wp-block-spacer\"><\/div>\n\n\n\n<div id=\"wp-block-themeisle-blocks-button-group-368d04b1\" class=\"wp-block-themeisle-blocks-button-group wp-block-buttons align-center-desktop\">\n<div id=\"wp-block-themeisle-blocks-button-412bdb6f\" class=\"wp-block-themeisle-blocks-button wp-block-button\"><a href=\"https:\/\/angla.saaremaa-top.ee\/angla\/angla-tuulikumagi\/\" target=\"_self\" rel=\"noopener noreferrer\" class=\"wp-block-button__link\"><i class=\"fas fa-fw fa-arrows-alt margin-right\"><\/i><span>Tuulikum\u00e4gi<\/span><\/a><\/div>\n\n\n\n<div id=\"wp-block-themeisle-blocks-button-994d9174\" class=\"wp-block-themeisle-blocks-button wp-block-button\"><a href=\"https:\/\/angla.saaremaa-top.ee\/angla\/angla-tuulikumagi-ja-parandkultuuri-keskus\/\" target=\"_self\" rel=\"noopener noreferrer\" class=\"wp-block-button__link\"><i class=\"fas fa-fw fa-arrows-alt margin-right\"><\/i><span>P\u00e4randkultuur<\/span><\/a><\/div>\n\n\n\n<div id=\"wp-block-themeisle-blocks-button-9b360084\" class=\"wp-block-themeisle-blocks-button wp-block-button\"><a href=\"https:\/\/angla.saaremaa-top.ee\/angla\/hinnad-ja-avatud-ajad\/\" target=\"_self\" rel=\"noopener noreferrer\" class=\"wp-block-button__link\"><i class=\"fas fa-fw fa-arrows-alt margin-right\"><\/i><span>K\u00fclastusinfo<\/span><\/a><\/div>\n\n\n\n<div id=\"wp-block-themeisle-blocks-button-95e0125d\" class=\"wp-block-themeisle-blocks-button wp-block-button\"><a href=\"https:\/\/angla.saaremaa-top.ee\/angla\/galerii\/\" target=\"_self\" rel=\"noopener noreferrer\" class=\"wp-block-button__link\"><i class=\"fas fa-fw fa-arrows-alt margin-right\"><\/i><span>Galerii<\/span><\/a><\/div>\n<\/div>\n\n\n\n<section id=\"wp-block-themeisle-blocks-advanced-columns-335a2f03\" class=\"wp-block-themeisle-blocks-advanced-columns alignfull has-1-columns has-desktop-equal-layout has-tablet-equal-layout has-mobile-equal-layout has-vertical-unset has-vertical-undefined\"><div class=\"wp-block-themeisle-blocks-advanced-columns-overlay\"><\/div><div class=\"innerblocks-wrap\">\n<div id=\"wp-block-themeisle-blocks-advanced-column-5d90343f\" class=\"wp-block-themeisle-blocks-advanced-column\">\n<h2 class=\"wp-block-heading has-text-align-center\" style=\"padding-top:0;padding-right:var(--wp--preset--spacing--20);padding-bottom:0;padding-left:var(--wp--preset--spacing--40)\">K\u00fclastusinfo &#8211; <strong>ANGLA tuulikum\u00e4gi ja p\u00e4randkultuuri-keskus<\/strong><\/h2>\n\n\n\n<section id=\"wp-block-themeisle-blocks-advanced-columns-b2ead1d6\" class=\"wp-block-themeisle-blocks-advanced-columns has-2-columns has-desktop-equal-layout has-tablet-equal-layout has-mobile-collapsedRows-layout has-vertical-center\"><div class=\"wp-block-themeisle-blocks-advanced-columns-overlay\"><\/div><div class=\"innerblocks-wrap\">\n<div id=\"wp-block-themeisle-blocks-advanced-column-7c705a1c\" class=\"wp-block-themeisle-blocks-advanced-column\">\n<div class=\"wp-block-group is-layout-constrained wp-container-core-group-is-layout-ff778368 wp-block-group-is-layout-constrained\" style=\"padding-right:var(--wp--preset--spacing--30);padding-left:var(--wp--preset--spacing--30)\">\n<div class=\"wp-block-group has-background is-layout-constrained wp-block-group-is-layout-constrained\" style=\"background-color:#f8f4e4\">\n<h3 class=\"wp-block-heading\">Oleme avatud! <\/h3>\n\n\n\n<p>Tere tulemast Anglasse! Meie kodu on Saaremaa s\u00fcdames, kus sajandite vanused tuulikud, ajalooline talukultuur ja k\u00e4sit\u00f6\u00f6 ootavad teid:<\/p>\n\n\n\n<ul class=\"wp-block-list\">\n<li><strong>Maist augustini <\/strong>kell 9:00 &#8211; 20:00<\/li>\n\n\n\n<li><strong>Septembrist aprillini<\/strong> kell 10:00 &#8211; 17:00<\/li>\n<\/ul>\n\n\n\n<div style=\"height:20px\" aria-hidden=\"true\" class=\"wp-block-spacer\"><\/div>\n\n\n\n<h3 class=\"wp-block-heading\">Asukoht ja ligip\u00e4\u00e4s:<\/h3>\n\n\n\n<ul class=\"wp-block-list\">\n<li>Kuivastu sadamast on Anglasse 40 minutit autos\u00f5itu<\/li>\n\n\n\n<li>Kuressaare kesklinnast 30 minutit m\u00f6\u00f6da kauneid Saaremaa teid.<\/li>\n<\/ul>\n\n\n\n<p>ANGLA tuulikum\u00e4gi ja p\u00e4randkultuuri-keskus asub Saaremaal, Angla k\u00fclas, Leisi vallas. <\/p>\n\n\n\n<p><a href=\"https:\/\/www.google.com\/maps\/place\/Angla+Windmill+Park\/@58.5270392,22.6997915,17z\/data=!4m15!1m8!3m7!1s0x46f26248456fdb93:0x8ad1cd40b40f3ef2!2sAngla+Windmill+Park!8m2!3d58.5273699!4d22.6997268!10e5!16s%2Fg%2F11dfttpybj!3m5!1s0x46f26248456fdb93:0x8ad1cd40b40f3ef2!8m2!3d58.5273699!4d22.6997268!16s%2Fg%2F11dfttpybj?entry=ttu\" target=\"_blank\" rel=\"noreferrer noopener\">Asukoht Google Maps kaardil \u00bb<\/a><\/p>\n<\/div>\n\n\n\n<h3 class=\"wp-block-heading\">Piletihinnad 2026<\/h3>\n\n\n\n<figure class=\"wp-block-table\"><table class=\"has-fixed-layout\"><tbody><tr><td class=\"has-text-align-left\" data-align=\"left\">T\u00e4iskasvanu<\/td><td class=\"has-text-align-right\" data-align=\"right\">10 \u20ac<\/td><\/tr><tr><td class=\"has-text-align-left\" data-align=\"left\">\u00d5pilane<\/td><td class=\"has-text-align-right\" data-align=\"right\">5 \u20ac<\/td><\/tr><tr><td class=\"has-text-align-left\" data-align=\"left\">Koolieelsed lapsed<\/td><td class=\"has-text-align-right\" data-align=\"right\">tasuta<\/td><\/tr><tr><td class=\"has-text-align-left\" data-align=\"left\">Sooduspilet (seenior, tudeng, erivajadusega isik)<\/td><td class=\"has-text-align-right\" data-align=\"right\">7 \u20ac<\/td><\/tr><tr><td class=\"has-text-align-left\" data-align=\"left\">Perepilet<\/td><td class=\"has-text-align-right\" data-align=\"right\">20 \u20ac<\/td><\/tr><\/tbody><\/table><\/figure>\n\n\n\n<p>Perepiletis sisaldub 2 t\u00e4iskasvanut ja nende kuni 18-aastased lapsed.<\/p>\n\n\n\n<p style=\"padding-top:var(--wp--preset--spacing--40);padding-bottom:var(--wp--preset--spacing--40)\"><strong>Hind sisaldab:<\/strong> ANGLA tuulikum\u00e4e ja p\u00e4randkultuuri-keskuse piiramatu ajaga k\u00fclastus \u00fche p\u00e4eva jooksul. <br>K\u00fclastuse ette broneerimine ei ole vajalik.<br><strong>Lisainfo<\/strong>: tel. +372 5199 0265, e-post <a href=\"mailto:angla@kylastuskeskus.ee\">angla@kylastuskeskus.ee<\/a><\/p>\n\n\n\n<div class=\"wp-block-buttons is-layout-flex wp-block-buttons-is-layout-flex\">\n<div class=\"wp-block-button is-style-primary\"><a class=\"wp-block-button__link has-background wp-element-button\" href=\"https:\/\/angla.saaremaa-top.ee\/angla\/kontakt\/\" style=\"background-color:#79421f\">K\u00fcsi lisa \u00bb<\/a><\/div>\n<\/div>\n\n\n\n<div style=\"height:20px\" aria-hidden=\"true\" class=\"wp-block-spacer\"><\/div>\n<\/div>\n<\/div>\n\n\n\n<div id=\"wp-block-themeisle-blocks-advanced-column-5f9a9ec0\" class=\"wp-block-themeisle-blocks-advanced-column\">\n<figure class=\"wp-block-image size-full\"><img loading=\"lazy\" decoding=\"async\" width=\"450\" height=\"1000\" src=\"https:\/\/angla.saaremaa-top.ee\/angla\/wp-content\/uploads\/angla-tuulikud-peremees-rahvatants-450x1000-1.png\" alt=\"\" class=\"wp-image-2368\" srcset=\"https:\/\/angla.saaremaa-top.ee\/angla\/wp-content\/uploads\/angla-tuulikud-peremees-rahvatants-450x1000-1.png 450w, https:\/\/angla.saaremaa-top.ee\/angla\/wp-content\/uploads\/angla-tuulikud-peremees-rahvatants-450x1000-1-203x450.png 203w\" sizes=\"auto, (max-width: 450px) 100vw, 450px\" \/><\/figure>\n<\/div>\n<\/div><\/section>\n\n\n\n<div class=\"wp-block-group has-background is-layout-constrained wp-block-group-is-layout-constrained\" style=\"background-color:#f8f4e4\">\n<h2 class=\"wp-block-heading\" style=\"padding-top:var(--wp--preset--spacing--50);padding-bottom:var(--wp--preset--spacing--50)\">Eripakkumised gruppidele ja \u00f5pilasr\u00fchmadele<\/h2>\n\n\n\n<p class=\"has-text-align-left\" style=\"padding-top:0;padding-bottom:var(--wp--preset--spacing--60)\">ANGLA tuulikum\u00e4gi ja p\u00e4randkultuurikeskus on Saaremaad k\u00fclastavate ekskursioonigruppide \u00fcks lemmik peatuspaiku! Meie juurde on oodatud nii \u00f5pilasgrupid kui ka t\u00e4iskasvanute grupireisid. Avaras parklas on lihtne parkida ka suurematel reisibussidel. Giidile ja bussijuhile on grupiga sissep\u00e4\u00e4s tasuta!<\/p>\n\n\n\n<div id=\"wp-block-themeisle-blocks-advanced-columns-e9e8890c\" class=\"wp-block-themeisle-blocks-advanced-columns has-2-columns has-desktop-equal-layout has-tablet-equal-layout has-mobile-collapsedRows-layout has-vertical-unset has-light-bg\"><div class=\"wp-block-themeisle-blocks-advanced-columns-overlay\"><\/div><div class=\"innerblocks-wrap\">\n<div id=\"wp-block-themeisle-blocks-advanced-column-3b8487df\" class=\"wp-block-themeisle-blocks-advanced-column\">\n<div class=\"wp-block-group is-layout-constrained wp-container-core-group-is-layout-0be64e95 wp-block-group-is-layout-constrained\" style=\"padding-right:var(--wp--preset--spacing--50)\">\n<figure class=\"wp-block-image size-full has-custom-border\"><a href=\"https:\/\/angla.saaremaa-top.ee\/angla\/tuulikumae-kulastus-gruppidele\/\"><img loading=\"lazy\" decoding=\"async\" width=\"450\" height=\"450\" src=\"https:\/\/angla.saaremaa-top.ee\/angla\/wp-content\/uploads\/ANgla-grupp-fotohetk.jpg\" alt=\"\" class=\"wp-image-816\" style=\"border-style:none;border-width:0px\" srcset=\"https:\/\/angla.saaremaa-top.ee\/angla\/wp-content\/uploads\/ANgla-grupp-fotohetk.jpg 450w, https:\/\/angla.saaremaa-top.ee\/angla\/wp-content\/uploads\/ANgla-grupp-fotohetk-150x150.jpg 150w\" sizes=\"auto, (max-width: 450px) 100vw, 450px\" \/><\/a><\/figure>\n\n\n\n<h2 class=\"wp-block-heading\"><a href=\"https:\/\/angla.saaremaa-top.ee\/angla\/tuulikumae-kulastus-gruppidele\/\">Grupik\u00fclastus koos toitlustusega<\/a><\/h2>\n\n\n\n<p style=\"padding-bottom:var(--wp--preset--spacing--40)\">Lisaks ANGLA tuulikute ja p\u00e4randkultuuri-keskuse ning muuseumi k\u00fclastusele pakume maitsvaid grupimen\u00fc\u00fcsid ja ahjusooja Angla rukkileiba. Kes aga oma k\u00e4tega midagi meisterdada soovib, neile pakume osalemist k\u00e4sit\u00f6\u00f6koja t\u00f6\u00f6tubades!<\/p>\n\n\n\n<div class=\"wp-block-buttons is-layout-flex wp-block-buttons-is-layout-flex\" style=\"margin-bottom:var(--wp--preset--spacing--60)\">\n<div class=\"wp-block-button\"><a class=\"wp-block-button__link has-background wp-element-button\" href=\"https:\/\/angla.saaremaa-top.ee\/angla\/tuulikumae-kulastus-gruppidele\/\" style=\"background-color:#79421f\">Grupitellimused \u00bb<\/a><\/div>\n<\/div>\n<\/div>\n<\/div>\n\n\n\n<div id=\"wp-block-themeisle-blocks-advanced-column-5e7dca65\" class=\"wp-block-themeisle-blocks-advanced-column\">\n<div class=\"wp-block-group is-layout-constrained wp-container-core-group-is-layout-ba75fb5d wp-block-group-is-layout-constrained\" style=\"padding-left:var(--wp--preset--spacing--50)\">\n<figure class=\"wp-block-image size-full has-custom-border\"><a href=\"https:\/\/angla.saaremaa-top.ee\/angla\/eripakkumised-gruppidele\/\"><img loading=\"lazy\" decoding=\"async\" width=\"450\" height=\"450\" src=\"https:\/\/angla.saaremaa-top.ee\/angla\/wp-content\/uploads\/ANgla-grupp-prouad.jpg\" alt=\"\" class=\"wp-image-815\" style=\"border-left-style:none;border-left-width:0px\" srcset=\"https:\/\/angla.saaremaa-top.ee\/angla\/wp-content\/uploads\/ANgla-grupp-prouad.jpg 450w, https:\/\/angla.saaremaa-top.ee\/angla\/wp-content\/uploads\/ANgla-grupp-prouad-150x150.jpg 150w\" sizes=\"auto, (max-width: 450px) 100vw, 450px\" \/><\/a><\/figure>\n\n\n\n<h2 class=\"wp-block-heading\" style=\"padding-bottom:0\"><a href=\"https:\/\/angla.saaremaa-top.ee\/angla\/eripakkumised-gruppidele\/\">&#8220;Tuulikum\u00e4e k\u00fclastus&#8221;<\/a><\/h2>\n\n\n\n<p style=\"padding-bottom:var(--wp--preset--spacing--60)\">Kerge ja kiire peatus ANGLA tuulikum\u00e4el koos rukkileiva ja teega!<br>Eripakkumine &#8220;Tuulikum\u00e4e k\u00fclastus&#8221; sisaldab lisaks tuulikum\u00e4e k\u00fclastusele ka Angla rukkileiva degusteerimist koos \u00fcrdiv\u00f5i ja taimeteega. <\/p>\n\n\n\n<div class=\"wp-block-buttons is-layout-flex wp-block-buttons-is-layout-flex\">\n<div class=\"wp-block-button\"><a class=\"wp-block-button__link has-background wp-element-button\" href=\"https:\/\/angla.saaremaa-top.ee\/angla\/eripakkumised-gruppidele\/\" style=\"background-color:#79421f\">Vaata eripakkumist \u00bb<\/a><\/div>\n<\/div>\n<\/div>\n<\/div>\n<\/div><\/div>\n<\/div>\n<\/div>\n<\/div><\/section>\n","protected":false},"excerpt":{"rendered":"","protected":false},"author":2,"featured_media":0,"parent":0,"menu_order":0,"comment_status":"closed","ping_status":"closed","template":"","meta":{"_themeisle_gutenberg_block_has_review":false,"footnotes":""},"class_list":["post-69","page","type-page","status-publish","hentry"],"_links":{"self":[{"href":"https:\/\/angla.saaremaa-top.ee\/angla\/wp-json\/wp\/v2\/pages\/69","targetHints":{"allow":["GET"]}}],"collection":[{"href":"https:\/\/angla.saaremaa-top.ee\/angla\/wp-json\/wp\/v2\/pages"}],"about":[{"href":"https:\/\/angla.saaremaa-top.ee\/angla\/wp-json\/wp\/v2\/types\/page"}],"author":[{"embeddable":true,"href":"https:\/\/angla.saaremaa-top.ee\/angla\/wp-json\/wp\/v2\/users\/2"}],"replies":[{"embeddable":true,"href":"https:\/\/angla.saaremaa-top.ee\/angla\/wp-json\/wp\/v2\/comments?post=69"}],"version-history":[{"count":61,"href":"https:\/\/angla.saaremaa-top.ee\/angla\/wp-json\/wp\/v2\/pages\/69\/revisions"}],"predecessor-version":[{"id":2283,"href":"https:\/\/angla.saaremaa-top.ee\/angla\/wp-json\/wp\/v2\/pages\/69\/revisions\/2283"}],"wp:attachment":[{"href":"https:\/\/angla.saaremaa-top.ee\/angla\/wp-json\/wp\/v2\/media?parent=69"}],"curies":[{"name":"wp","href":"https:\/\/api.w.org\/{rel}","templated":true}]}}