{"id":228,"date":"2023-06-12T19:13:44","date_gmt":"2023-06-12T16:13:44","guid":{"rendered":"https:\/\/angla.saaremaa-top.ee\/angla\/?page_id=228"},"modified":"2025-05-28T13:45:20","modified_gmt":"2025-05-28T10:45:20","slug":"kontakt","status":"publish","type":"page","link":"https:\/\/angla.saaremaa-top.ee\/angla\/kontakt\/","title":{"rendered":"Kontakt"},"content":{"rendered":"\n<div class=\"wp-block-group alignfull is-layout-constrained wp-block-group-is-layout-constrained\">\n<div id=\"wp-block-themeisle-blocks-advanced-columns-2c60bc77\" class=\"wp-block-themeisle-blocks-advanced-columns alignfull has-1-columns has-desktop-equal-layout has-tablet-equal-layout has-mobile-collapsedRows-layout has-reverse-columns-mobile has-vertical-top ticss-c00aadba\"><div class=\"wp-block-themeisle-blocks-advanced-columns-overlay\"><\/div><div class=\"innerblocks-wrap\">\n<div id=\"wp-block-themeisle-blocks-advanced-column-75b9263d\" class=\"wp-block-themeisle-blocks-advanced-column\">\n<div class=\"wp-block-columns are-vertically-aligned-top is-not-stacked-on-mobile has-raft-fg-alt-color has-text-color has-link-color wp-elements-8db4e9e682608ff8dbeb025bea6c9d47 is-layout-flex wp-container-core-columns-is-layout-e79a657b wp-block-columns-is-layout-flex\" style=\"padding-top:0\">\n<div class=\"wp-block-column is-vertically-aligned-top is-content-justification-left is-layout-constrained wp-container-core-column-is-layout-1ad27c61 wp-block-column-is-layout-constrained\" style=\"padding-right:0;padding-left:0;flex-basis:350px\"><div class=\"aligncenter wp-block-site-logo\"><a href=\"https:\/\/angla.saaremaa-top.ee\/angla\/\" class=\"custom-logo-link\" rel=\"home\"><img loading=\"lazy\" decoding=\"async\" width=\"300\" height=\"255\" src=\"https:\/\/angla.saaremaa-top.ee\/angla\/wp-content\/uploads\/est-ANGLA-vertikaalne-VALGE.png\" class=\"custom-logo\" alt=\"ANGLA tuulikum\u00e4gi\" srcset=\"https:\/\/angla.saaremaa-top.ee\/angla\/wp-content\/uploads\/est-ANGLA-vertikaalne-VALGE.png 500w, https:\/\/angla.saaremaa-top.ee\/angla\/wp-content\/uploads\/est-ANGLA-vertikaalne-VALGE-450x383.png 450w\" sizes=\"auto, (max-width: 300px) 100vw, 300px\" \/><\/a><\/div><\/div>\n\n\n\n<div class=\"wp-block-column is-vertically-aligned-top has-white-color has-text-color has-medium-font-size is-layout-flow wp-container-core-column-is-layout-5a5c8e5d wp-block-column-is-layout-flow\" style=\"padding-top:0;padding-right:0;padding-bottom:0;padding-left:0;flex-basis:50%\">\n<div style=\"height:5px\" aria-hidden=\"true\" class=\"wp-block-spacer\"><\/div>\n<\/div>\n\n\n\n<div class=\"wp-block-column is-vertically-aligned-top is-layout-flow wp-block-column-is-layout-flow\" style=\"padding-left:var(--wp--preset--spacing--40);flex-basis:50%\">\n<p class=\"has-text-align-center has-white-color has-text-color\" style=\"padding-top:var(--wp--preset--spacing--20);padding-right:0;padding-bottom:0;font-size:18px\"><a href=\"https:\/\/angla.saaremaa-top.ee\/angla\/en\/\"><strong>EN<\/strong><\/a><strong> <a href=\"https:\/\/angla.saaremaa-top.ee\/angla\/en\" data-type=\"page\" data-id=\"684\"> <\/a><a href=\"https:\/\/angla.saaremaa-top.ee\/angla\/ru\/\" data-type=\"page\" data-id=\"706\">RU<\/a> <\/strong><\/p>\n\n\n\n<div id=\"wp-block-themeisle-blocks-font-awesome-icons-79bda70f\" class=\"wp-block-themeisle-blocks-font-awesome-icons\"><span class=\"wp-block-themeisle-blocks-font-awesome-icons-container\"><a href=\"https:\/\/www.facebook.com\/AnglaTuulikud\" target=\"_blank\" rel=\"noopener noreferrer\"><i class=\"fab fa-facebook\"><\/i><\/a><\/span><\/div>\n<\/div>\n<\/div>\n\n\n\n<div style=\"height:180px\" aria-hidden=\"true\" class=\"wp-block-spacer\"><\/div>\n\n\n\n<div style=\"height:30px\" aria-hidden=\"true\" class=\"wp-block-spacer\"><\/div>\n<\/div>\n<\/div><\/div>\n<\/div>\n\n\n\n<div id=\"wp-block-themeisle-blocks-button-group-368d04b1\" class=\"wp-block-themeisle-blocks-button-group wp-block-buttons align-center-desktop\">\n<div id=\"wp-block-themeisle-blocks-button-412bdb6f\" class=\"wp-block-themeisle-blocks-button wp-block-button\"><a href=\"https:\/\/angla.saaremaa-top.ee\/angla\/angla-tuulikumagi\/\" target=\"_self\" rel=\"noopener noreferrer\" class=\"wp-block-button__link\"><i class=\"fas fa-fw fa-arrows-alt margin-right\"><\/i><span>Tuulikum\u00e4gi<\/span><\/a><\/div>\n\n\n\n<div id=\"wp-block-themeisle-blocks-button-994d9174\" class=\"wp-block-themeisle-blocks-button wp-block-button\"><a href=\"https:\/\/angla.saaremaa-top.ee\/angla\/angla-tuulikumagi-ja-parandkultuuri-keskus\/\" target=\"_self\" rel=\"noopener noreferrer\" class=\"wp-block-button__link\"><i class=\"fas fa-fw fa-arrows-alt margin-right\"><\/i><span>P\u00e4randkultuur<\/span><\/a><\/div>\n\n\n\n<div id=\"wp-block-themeisle-blocks-button-9b360084\" class=\"wp-block-themeisle-blocks-button wp-block-button\"><a href=\"https:\/\/angla.saaremaa-top.ee\/angla\/hinnad-ja-avatud-ajad\/\" target=\"_self\" rel=\"noopener noreferrer\" class=\"wp-block-button__link\"><i class=\"fas fa-fw fa-arrows-alt margin-right\"><\/i><span>K\u00fclastusinfo<\/span><\/a><\/div>\n\n\n\n<div id=\"wp-block-themeisle-blocks-button-95e0125d\" class=\"wp-block-themeisle-blocks-button wp-block-button\"><a href=\"https:\/\/angla.saaremaa-top.ee\/angla\/galerii\/\" target=\"_self\" rel=\"noopener noreferrer\" class=\"wp-block-button__link\"><i class=\"fas fa-fw fa-arrows-alt margin-right\"><\/i><span>Galerii<\/span><\/a><\/div>\n<\/div>\n\n\n\n<h2 class=\"wp-block-heading\" style=\"padding-top:var(--wp--preset--spacing--40);padding-bottom:var(--wp--preset--spacing--40)\">ANGLA tuulikum\u00e4gi ja p\u00e4randkultuuri-keskus<\/h2>\n\n\n\n<div id=\"wp-block-themeisle-blocks-advanced-columns-4c0b270f\" class=\"wp-block-themeisle-blocks-advanced-columns has-2-columns has-desktop-equal-layout has-tablet-equal-layout has-mobile-collapsedRows-layout has-vertical-unset\"><div class=\"wp-block-themeisle-blocks-advanced-columns-overlay\"><\/div><div class=\"innerblocks-wrap\">\n<div id=\"wp-block-themeisle-blocks-advanced-column-b6a4da70\" class=\"wp-block-themeisle-blocks-advanced-column\">\n<p style=\"padding-top:0;padding-right:var(--wp--preset--spacing--40);padding-bottom:0\">ANGLA tuulikum\u00e4gi ja p\u00e4randkultuuri-keskus asub Saaremaal, Angla k\u00fclas, Leisi vallas.<\/p>\n\n\n\n<p style=\"padding-top:0;padding-right:var(--wp--preset--spacing--40);padding-bottom:0\">Kuivastu sadamast on Anglasse 40 minutit autos\u00f5itu, Kuressaare kesklinnast 30 minutit m\u00f6\u00f6da kauneid Saaremaa teid.<\/p>\n\n\n\n<p class=\"has-link-color wp-elements-2c085e38d1dc4b118908e36cd601ab40\" style=\"padding-top:var(--wp--preset--spacing--20);padding-bottom:var(--wp--preset--spacing--40)\"><a rel=\"noreferrer noopener\" href=\"https:\/\/www.google.com\/maps\/place\/Angla+Windmill+Park\/@58.5270392,22.6997915,17z\/data=!4m15!1m8!3m7!1s0x46f26248456fdb93:0x8ad1cd40b40f3ef2!2sAngla+Windmill+Park!8m2!3d58.5273699!4d22.6997268!10e5!16s%2Fg%2F11dfttpybj!3m5!1s0x46f26248456fdb93:0x8ad1cd40b40f3ef2!8m2!3d58.5273699!4d22.6997268!16s%2Fg%2F11dfttpybj?entry=ttu\" target=\"_blank\"><strong>Asukoht Google Maps kaardil \u00bb<\/strong><\/a><\/p>\n<\/div>\n\n\n\n<div class=\"wp-block-themeisle-blocks-advanced-column\">\n<div style=\"height:20px\" aria-hidden=\"true\" class=\"wp-block-spacer\"><\/div>\n\n\n\n<figure class=\"wp-block-image size-large\"><a href=\"https:\/\/www.google.com\/maps\/place\/Angla+Windmill+Park\/@58.5270392,22.6997915,17z\/data=!4m15!1m8!3m7!1s0x46f26248456fdb93:0x8ad1cd40b40f3ef2!2sAngla+Windmill+Park!8m2!3d58.5273699!4d22.6997268!10e5!16s%2Fg%2F11dfttpybj!3m5!1s0x46f26248456fdb93:0x8ad1cd40b40f3ef2!8m2!3d58.5273699!4d22.6997268!16s%2Fg%2F11dfttpybj?entry=ttu\" target=\"_blank\" rel=\"noreferrer noopener\"><img loading=\"lazy\" decoding=\"async\" width=\"1024\" height=\"756\" src=\"https:\/\/angla.saaremaa-top.ee\/angla\/wp-content\/uploads\/angla-locations-1024x756.png\" alt=\"\" class=\"wp-image-1494\" srcset=\"https:\/\/angla.saaremaa-top.ee\/angla\/wp-content\/uploads\/angla-locations-1024x756.png 1024w, https:\/\/angla.saaremaa-top.ee\/angla\/wp-content\/uploads\/angla-locations-450x332.png 450w, https:\/\/angla.saaremaa-top.ee\/angla\/wp-content\/uploads\/angla-locations-768x567.png 768w, https:\/\/angla.saaremaa-top.ee\/angla\/wp-content\/uploads\/angla-locations.png 1138w\" sizes=\"auto, (max-width: 1024px) 100vw, 1024px\" \/><\/a><\/figure>\n<\/div>\n<\/div><\/div>\n\n\n\n<div class=\"wp-block-columns has-raft-bg-alt-background-color has-background is-layout-flex wp-container-core-columns-is-layout-28f84493 wp-block-columns-is-layout-flex\">\n<div class=\"wp-block-column is-layout-flow wp-block-column-is-layout-flow\">\n<h3 class=\"wp-block-heading\" style=\"padding-top:var(--wp--preset--spacing--40);padding-bottom:var(--wp--preset--spacing--40)\">V\u00f5ta \u00fchendust!<\/h3>\n\n\n\n<p>Ootame teie tellimusi alloleva vormi kaudu. <br>Vastame \u00fche t\u00f6\u00f6p\u00e4eva jooksul.<\/p>\n\n\n\n<div style=\"height:20px\" aria-hidden=\"true\" class=\"wp-block-spacer\"><\/div>\n\n\n<div class='fluentform ff-default fluentform_wrapper_3  ff_guten_block ff_guten_block-3 ffs_default_wrap'><form data-form_id=\"3\" id=\"fluentform_3\" class=\"frm-fluent-form fluent_form_3 ff-el-form-top ff_form_instance_3_1 ff-form-loading ffs_default\" data-form_instance=\"ff_form_instance_3_1\" method=\"POST\" ><fieldset  style=\"border: none!important;margin: 0!important;padding: 0!important;background-color: transparent!important;box-shadow: none!important;outline: none!important; min-inline-size: 100%;\">\n                    <legend class=\"ff_screen_reader_title\" style=\"display: block; margin: 0!important;padding: 0!important;height: 0!important;text-indent: -999999px;width: 0!important;overflow:hidden;\">Infop\u00e4ring \u00fcldine (#3)<\/legend>        <div\n                style=\"display: none!important; position: absolute!important; transform: translateX(1000%)!important;\"\n                class=\"ff-el-group ff-hpsf-container\"\n        >\n            <div class=\"ff-el-input--label asterisk-right\">\n                <label for=\"ff_3_item_sf\" aria-label=\"Notify\">\n                    Notify                <\/label>\n            <\/div>\n            <div class=\"ff-el-input--content\">\n                <input type=\"text\"\n                       name=\"item_3__fluent_sf\"\n                       class=\"ff-el-form-control\"\n                       id=\"ff_3_item_sf\"\n                \/>\n            <\/div>\n        <\/div>\n                <input type=\"hidden\" id=\"__fluent_protection_token_3\" class=\"fluent-form-token-field\" name=\"__fluent_protection_token_3\">\n        <input type='hidden' name='__fluent_form_embded_post_id' value='228' \/><input type=\"hidden\" id=\"_fluentform_3_fluentformnonce\" name=\"_fluentform_3_fluentformnonce\" value=\"1992ec011a\" \/><input type=\"hidden\" name=\"_wp_http_referer\" value=\"\/angla\/wp-json\/wp\/v2\/pages\/228\" \/><div data-name=\"ff_cn_id_1\"  class='ff-t-container ff-column-container ff_columns_total_2 '><div class='ff-t-cell ff-t-column-1' style='flex-basis: 50%;'><div class='ff-el-group'><div class=\"ff-el-input--label ff-el-is-required asterisk-right\"><label for='ff_3_input_text_1' id='label_ff_3_input_text_1' aria-label=\"Nimi:\">Nimi:<\/label><\/div><div class='ff-el-input--content'><input type=\"text\" name=\"input_text_1\" class=\"ff-el-form-control\" data-name=\"input_text_1\" id=\"ff_3_input_text_1\"  aria-invalid=\"false\" aria-required=true><\/div><\/div><\/div><div class='ff-t-cell ff-t-column-2' style='flex-basis: 50%;'><div class='ff-el-group'><div class=\"ff-el-input--label ff-el-is-required asterisk-right\"><label for='ff_3_email' id='label_ff_3_email' aria-label=\"E-post:\">E-post:<\/label><\/div><div class='ff-el-input--content'><input type=\"email\" name=\"email\" id=\"ff_3_email\" class=\"ff-el-form-control\" placeholder=\"@\" data-name=\"email\"  aria-invalid=\"false\" aria-required=true><\/div><\/div><\/div><\/div><div data-name=\"ff_cn_id_2\"  class='ff-t-container ff-column-container ff_columns_total_2 '><div class='ff-t-cell ff-t-column-1' style='flex-basis: 50%;'><div class='ff-el-group'><div class=\"ff-el-input--label ff-el-is-required asterisk-right\"><label for='ff_3_input_text_2' id='label_ff_3_input_text_2' aria-label=\"Telefon:\">Telefon:<\/label><\/div><div class='ff-el-input--content'><input type=\"text\" name=\"input_text_2\" class=\"ff-el-form-control\" data-name=\"input_text_2\" id=\"ff_3_input_text_2\"  aria-invalid=\"false\" aria-required=true><\/div><\/div><\/div><div class='ff-t-cell ff-t-column-2' style='flex-basis: 50%;'><\/div><\/div><div class='ff-el-group'><div class=\"ff-el-input--label ff-el-is-required asterisk-right\"><label for='ff_3_description' id='label_ff_3_description' aria-label=\"Lisainfo:\">Lisainfo:<\/label><\/div><div class='ff-el-input--content'><textarea aria-required=\"true\" aria-labelledby=\"label_ff_3_description\" name=\"description\" id=\"ff_3_description\" class=\"ff-el-form-control\" rows=\"3\" cols=\"2\" data-name=\"description\" ><\/textarea><\/div><\/div><div class='ff-el-group ff-text-left ff_submit_btn_wrapper'><button type=\"submit\" class=\"ff-btn ff-btn-submit ff-btn-md ff_btn_style wpf_has_custom_css\"  aria-label=\"Saadan\">Saadan<\/button><\/div><\/fieldset><\/form><div id='fluentform_3_errors' class='ff-errors-in-stack ff_form_instance_3_1 ff-form-loading_errors ff_form_instance_3_1_errors'><\/div><\/div>            <script type=\"text\/javascript\">\n                window.fluent_form_ff_form_instance_3_1 = {\"id\":\"3\",\"settings\":{\"layout\":{\"labelPlacement\":\"top\",\"helpMessagePlacement\":\"with_label\",\"errorMessagePlacement\":\"inline\",\"cssClassName\":\"\",\"asteriskPlacement\":\"asterisk-right\"},\"restrictions\":{\"denyEmptySubmission\":{\"enabled\":false}}},\"form_instance\":\"ff_form_instance_3_1\",\"form_id_selector\":\"fluentform_3\",\"rules\":{\"input_text_1\":{\"required\":{\"value\":true,\"message\":\"Palun t\\u00e4itke!\"}},\"email\":{\"required\":{\"value\":true,\"message\":\"Palun t\\u00e4itke!\"},\"email\":{\"value\":true,\"message\":\"Palun kontrollige e-posti aadressi \\u00f5igsust\"}},\"input_text_2\":{\"required\":{\"value\":true,\"message\":\"Palun t\\u00e4itke!\"}},\"description\":{\"required\":{\"value\":true,\"message\":\"Palun t\\u00e4itke!\"}}},\"debounce_time\":300};\n                            <\/script>\n            <\/div>\n<\/div>\n\n\n\n<div style=\"height:20px\" aria-hidden=\"true\" class=\"wp-block-spacer\"><\/div>\n\n\n\n<p style=\"padding-top:var(--wp--preset--spacing--40);padding-bottom:var(--wp--preset--spacing--40)\"><strong>Juriidiline kontakt:<br><\/strong>Angla Tuulikum\u00e4gi MT\u00dc<br>Reg. number: 80254631<br>Aadress: Talve 77, Kuressaare 93816<br>Arvelduskonto: EE962200 22 103 791 4168<br>Swedbank SWIFT\/BIC:HABAEE2X<\/p>\n","protected":false},"excerpt":{"rendered":"<p>Juriidiline kontakt:Angla Tuulikum\u00e4gi MT\u00dcReg. number: 80254631Aadress: Talve 77, Kuressaare 93816Arvelduskonto: EE962200 22 103 791 4168Swedbank SWIFT\/BIC:HABAEE2X<\/p>\n","protected":false},"author":2,"featured_media":0,"parent":0,"menu_order":0,"comment_status":"closed","ping_status":"closed","template":"","meta":{"_themeisle_gutenberg_block_has_review":false,"footnotes":""},"class_list":["post-228","page","type-page","status-publish","hentry"],"_links":{"self":[{"href":"https:\/\/angla.saaremaa-top.ee\/angla\/wp-json\/wp\/v2\/pages\/228","targetHints":{"allow":["GET"]}}],"collection":[{"href":"https:\/\/angla.saaremaa-top.ee\/angla\/wp-json\/wp\/v2\/pages"}],"about":[{"href":"https:\/\/angla.saaremaa-top.ee\/angla\/wp-json\/wp\/v2\/types\/page"}],"author":[{"embeddable":true,"href":"https:\/\/angla.saaremaa-top.ee\/angla\/wp-json\/wp\/v2\/users\/2"}],"replies":[{"embeddable":true,"href":"https:\/\/angla.saaremaa-top.ee\/angla\/wp-json\/wp\/v2\/comments?post=228"}],"version-history":[{"count":14,"href":"https:\/\/angla.saaremaa-top.ee\/angla\/wp-json\/wp\/v2\/pages\/228\/revisions"}],"predecessor-version":[{"id":2215,"href":"https:\/\/angla.saaremaa-top.ee\/angla\/wp-json\/wp\/v2\/pages\/228\/revisions\/2215"}],"wp:attachment":[{"href":"https:\/\/angla.saaremaa-top.ee\/angla\/wp-json\/wp\/v2\/media?parent=228"}],"curies":[{"name":"wp","href":"https:\/\/api.w.org\/{rel}","templated":true}]}}